{"id":1344,"date":"2022-06-14T18:08:49","date_gmt":"2022-06-14T15:08:49","guid":{"rendered":"https:\/\/gaudeamus2022.lnkc.lt\/organizatoriai\/"},"modified":"2022-06-15T09:27:05","modified_gmt":"2022-06-15T06:27:05","slug":"organizatoriai","status":"publish","type":"page","link":"https:\/\/gaudeamus2022.lnkc.lt\/lt\/organizatoriai\/","title":{"rendered":"ORGANIZATORIAI"},"content":{"rendered":"<p>[vc_row css=&#8221;.vc_custom_1639344368770{background-color: #feeab8 !important;}&#8221; el_id=&#8221;about-history-section&#8221;][vc_column][vc_column_text el_class=&#8221;page-title&#8221;]<\/p>\n<h1>Organizatoriai<\/h1>\n<p>[\/vc_column_text][vc_row_inner][vc_column_inner width=&#8221;1\/2&#8243;][vc_column_text]<strong>LR \u0160vietimo, mokslo ir sporto ministerija<\/strong><br \/>\n<strong>Lietuvos nacionalinis kult\u016bros centras<\/strong><\/p>\n<p>Partneriai<br \/>\nVilniaus miesto savivaldyb\u0117<br \/>\nLietuvos universitet\u0173 rektori\u0173 konferencija<br \/>\nLietuvos nacionalinis radijas ir televizija<\/p>\n<p><strong>LIETUVOS ORGANIZACINIS KOMITETAS<\/strong><\/p>\n<p>LR \u0160VIETIMO, MOKSLO IR SPORTO MINISTERIJOS DARBO GRUP\u0116<\/p>\n<p>LR \u0160vietimo, mokslo ir sporto ministr\u0117 Jurgita \u0160iug\u017edinien\u0117<br \/>\nKancleris Julius Luko\u0161ius<br \/>\nViceministrai Ram\u016bnas Skaud\u017eius ir Gintautas Jak\u0161tas<br \/>\nPatar\u0117jas komunikacijos klausimais Dainoras Lukas<br \/>\nKomunikacijos skyriaus ved\u0117ja Nomeda Barauskien\u0117<br \/>\nKomunikacijos skyriaus vyriausioji specialist\u0117 Alma Vijeikyt\u0117<br \/>\nStudij\u0173, mokslo ir technologij\u0173 departamento direktor\u0117 Laima Taparauskien\u0117<br \/>\nStudij\u0173, mokslo ir technologij\u0173 departamento vyriausioji patar\u0117ja Loreta \u017dadeikait\u0117<br \/>\nMokymosi vis\u0105 gyvenim\u0105 departamento direktorius Julius Jaku\u010dinskas<br \/>\nMokymosi vis\u0105 gyvenim\u0105 departamento Neformalaus \u0161vietimo skyriaus ved\u0117jas Tomas P\u016btys<br \/>\nMokymosi vis\u0105 gyvenim\u0105 departamento Neformalaus \u0161vietimo skyriaus vyriausioji specialist\u0117 Emilija Bugaili\u0161kien\u0117<br \/>\nEkonomikos departamento direktor\u0117 Egl\u0117 Rad\u0117nien\u0117<br \/>\nMokslo ir studij\u0173 ekonomikos skyriaus patar\u0117jas K\u0119stutis Gansiniauskas<br \/>\nTeis\u0117s skyriaus ved\u0117ja R\u016bta Palevi\u010dien\u0117<br \/>\nTeis\u0117s skyriaus vyriausioji specialist\u0117 Enrika Skodminien\u0117<br \/>\nFinansin\u0117s apskaitos skyriaus vyriausioji specialist\u0117 Jurgita \u010ciutien\u0117<\/p>\n<p>Kauno technologijos universiteto l. e. p. infrastrukt\u016bros direktor\u0117 Evelina Meilien\u0117<br \/>\nLietuvos Universitet\u0173 rektori\u0173 konferencijos administrator\u0117 J\u016brat\u0117 Budrien\u0117<br \/>\nLR Ministr\u0117s Pirminink\u0117s Ingridos \u0160imonyt\u0117s biuro vadov\u0117 Ieva Skarelyt\u0117<br \/>\nLR Ministr\u0117s Pirminink\u0117s Ingridos \u0160imonyt\u0117s patar\u0117ja Gabija Kalvelyt\u0117-Silien\u0117<strong>\u00a0<\/strong><\/p>\n<p>VILNIAUS MIESTO SAVIVALDYB\u0116S DARBO GRUP\u0116<br \/>\nMero pavaduotoja Edita Tamo\u0161i\u016bnait\u0117<br \/>\nKult\u016bros skyriaus vyriausioji specialist\u0117, vykdanti ved\u0117jo funkcijas Au\u0161ra Ki\u0161k\u016bnien\u0117<br \/>\nRinkodaros ir komunikacijos skyriaus Visuomen\u0117s informavimo specialist\u0117 Giedr\u0117 Birmanien\u0117<br \/>\nEismo organizavimo skyriaus Eismo valdymo poskyrio vadovas Eduardas Garbovskis<br \/>\nSveikatos apsaugos skyriaus vyriausioji specialist\u0117 Dovil\u0117 Bugien\u0117<br \/>\nVie\u0161osios tvarkos skyriaus ved\u0117jas And\u017eej Dinikis<br \/>\nEnergetikos skyriaus \u0160ilumos ir vandens \u016bkio poskyrio ved\u0117jas K\u0119stutis Karosas<br \/>\nInfrastrukt\u016bros skyriaus l. e. ved\u0117jo pareigas Ar\u016bnas Visockas<br \/>\nMiesto tvarkymo ir aplinkos apsaugos skyriaus ved\u0117jas Gintautas Runovi\u010dius<br \/>\nAdministracin\u0117s veiklos skyriaus vyriausioji specialist\u0117 Gintar\u0117 Makarevi\u010dien\u0117<br \/>\nVilniaus prie\u0161gaisrin\u0117s gelb\u0117jimo valdybos vir\u0161ininko pavaduotojas Evaldas Tama\u0161auskas[\/vc_column_text][\/vc_column_inner][vc_column_inner width=&#8221;1\/2&#8243;][vc_single_image image=&#8221;1330&#8243; img_size=&#8221;full&#8221;][vc_column_text]<strong>LIETUVOS NACIONALINIO KULT\u016aROS CENTRO \u0160VENT\u0116S ORGANIZACIN\u0116 KOMANDA<\/strong><\/p>\n<p>\u0160vent\u0117s direktorius Saulius Liausa<br \/>\n\u0160vent\u0117s vyriausiosios koordinator\u0117s Gra\u017eina Kasparavi\u010di\u016bt\u0117, Jolanta Kisielyt\u0117-Sadauskien\u0117, Ieva Krivickait\u0117<br \/>\nDid\u017eiojo koncerto vyriausiasis koordinatorius Tomas Kreimeris<br \/>\nChor\u0173 koordinator\u0117 Aist\u0117 Valentait\u0117<br \/>\nPu\u010diam\u0173j\u0173 orkestr\u0173 koordinatorius Gerimantas Statinis<br \/>\nMaitinimo koordinator\u0117 Inga Kri\u0161\u010di\u016bnien\u0117<br \/>\nApgyvendinimo koordinatorius Arvydas Vai\u010diulis<br \/>\nEityni\u0173 koordinator\u0117 Egl\u0117 Bilinskait\u0117<br \/>\nTechnini\u0173 darb\u0173 koordinatoriai Antanas Klapatauskas ir K\u0119stutis Baltr\u016bnas<br \/>\nTechnologini\u0173 tarnyb\u0173 vadovas Vitalijus Matrosovas<br \/>\n\u0160vent\u0117s dizainer\u0117 Ugn\u0117 Akstinait\u0117<br \/>\n\u0160vent\u0117s fotografai Vitold Leon Lov\u010dik ir Gabrielius Jauni\u0161kis<br \/>\nAtidarymo vakar\u0117lio koordinator\u0117 Martyna Domarkait\u0117<br \/>\nVie\u0161\u0173j\u0173 ry\u0161i\u0173 specialist\u0117 Egl\u0117 Ladigien\u0117<br \/>\nAdministracin\u0117s veiklos koordinator\u0117 Ingrida Mu\u0161eikien\u0117<br \/>\nTekst\u0173 redaktor\u0117 Renata Radavi\u010di\u016bt\u0117<br \/>\nSavanori\u0173 koordinator\u0117 Jurga Gaili\u016bt\u0117<br \/>\n\u0160vent\u0117s asistentai Jurgita Aleknavi\u010dien\u0117, Skirmant\u0117 Ramo\u0161kait\u0117, Gra\u017eina Vai\u010di\u016bnait\u0117, Solveiga Jaku\u010di\u016bnait\u0117, Rimantas Dulk\u0117<br \/>\nVyr. buhalter\u0117 Regina Zarankien\u0117<strong><br \/>\n<\/strong>Savanoriai<\/p>\n<p><strong>ESTIJOS ORGANIZACINIS KOMITETAS<\/strong><\/p>\n<p>Organizacinio komiteto vadovas Kulno Kungla<br \/>\nKoordinator\u0117 Ilme Tiik<br \/>\nApgyvendinimo vadybinink\u0117 Janika Hango<br \/>\nMaitinimo koordinator\u0117 Airiin Hango<br \/>\nTransporto koordinatorius Erki Ant<br \/>\nEityni\u0173 koordinatorius Valdur Talts<br \/>\nFinans\u0173 koordinator\u0117 Eda Jaansoo<br \/>\nOrganizacinio komiteto nariai Raul Talmar, Edmar Tuul, Marina Kuznetsova, Diana M\u00e4ev\u00e4li, Reet Sillavee, Karin Tuul<\/p>\n<p><strong>LATVIJOS ORGANIZACINIS KOMITETAS<\/strong><\/p>\n<p>Organizacin\u0117s grup\u0117s vadov\u0117 Agra B\u0113rzi\u0146a<br \/>\nOrganizacin\u0117s grup\u0117s koordinator\u0117 Antra Strikaite[\/vc_column_text][\/vc_column_inner][\/vc_row_inner][\/vc_column][\/vc_row]<\/p>\n","protected":false},"excerpt":{"rendered":"<p>[vc_row css=&#8221;.vc_custom_1639344368770{background-color: #feeab8 !important;}&#8221; el_id=&#8221;about-history-section&#8221;][vc_column][vc_column_text el_class=&#8221;page-title&#8221;] Organizatoriai [\/vc_column_text][vc_row_inner][vc_column_inner width=&#8221;1\/2&#8243;][vc_column_text]LR \u0160vietimo, mokslo ir sporto ministerija Lietuvos nacionalinis kult\u016bros centras Partneriai Vilniaus miesto savivaldyb\u0117 Lietuvos universitet\u0173 rektori\u0173 konferencija Lietuvos nacionalinis radijas ir televizija LIETUVOS ORGANIZACINIS KOMITETAS LR \u0160VIETIMO, MOKSLO IR SPORTO MINISTERIJOS DARBO GRUP\u0116 LR \u0160vietimo, mokslo ir sporto ministr\u0117 Jurgita \u0160iug\u017edinien\u0117 Kancleris Julius Luko\u0161ius Viceministrai Ram\u016bnas <a href=\"https:\/\/gaudeamus2022.lnkc.lt\/lt\/organizatoriai\/\" class=\"more-link\">&#8230;<span class=\"screen-reader-text\">  ORGANIZATORIAI<\/span><\/a><\/p>\n","protected":false},"author":2,"featured_media":0,"parent":0,"menu_order":0,"comment_status":"closed","ping_status":"closed","template":"","meta":{"_mi_skip_tracking":false,"footnotes":""},"class_list":["post-1344","page","type-page","status-publish","hentry"],"_links":{"self":[{"href":"https:\/\/gaudeamus2022.lnkc.lt\/lt\/wp-json\/wp\/v2\/pages\/1344","targetHints":{"allow":["GET"]}}],"collection":[{"href":"https:\/\/gaudeamus2022.lnkc.lt\/lt\/wp-json\/wp\/v2\/pages"}],"about":[{"href":"https:\/\/gaudeamus2022.lnkc.lt\/lt\/wp-json\/wp\/v2\/types\/page"}],"author":[{"embeddable":true,"href":"https:\/\/gaudeamus2022.lnkc.lt\/lt\/wp-json\/wp\/v2\/users\/2"}],"replies":[{"embeddable":true,"href":"https:\/\/gaudeamus2022.lnkc.lt\/lt\/wp-json\/wp\/v2\/comments?post=1344"}],"version-history":[{"count":4,"href":"https:\/\/gaudeamus2022.lnkc.lt\/lt\/wp-json\/wp\/v2\/pages\/1344\/revisions"}],"predecessor-version":[{"id":1348,"href":"https:\/\/gaudeamus2022.lnkc.lt\/lt\/wp-json\/wp\/v2\/pages\/1344\/revisions\/1348"}],"wp:attachment":[{"href":"https:\/\/gaudeamus2022.lnkc.lt\/lt\/wp-json\/wp\/v2\/media?parent=1344"}],"curies":[{"name":"wp","href":"https:\/\/api.w.org\/{rel}","templated":true}]}}