{"id":310,"date":"2021-12-22T13:45:31","date_gmt":"2021-12-22T11:45:31","guid":{"rendered":"https:\/\/gaudeamus2022.lnkc.lt\/history\/"},"modified":"2022-04-12T13:49:27","modified_gmt":"2022-04-12T10:49:27","slug":"istorija","status":"publish","type":"page","link":"https:\/\/gaudeamus2022.lnkc.lt\/lt\/istorija\/","title":{"rendered":"ISTORIJA"},"content":{"rendered":"<p>[vc_row css=&#8221;.vc_custom_1639344368770{background-color: #feeab8 !important;}&#8221; el_id=&#8221;about-history-section&#8221;][vc_column][vc_column_text el_class=&#8221;page-title&#8221;]<\/p>\n<h1>Istorija<\/h1>\n<p>[\/vc_column_text][vc_row_inner][vc_column_inner width=&#8221;1\/2&#8243;][vc_column_text]<span style=\"font-weight: 400;\">Estai, latviai ir lietuviai pasaulyje \u017einomi kaip dainuojan\u010dios tautos, turin\u010dios \u012fsp\u016bding\u0105sias Dain\u0173 ir \u0161oki\u0173 \u0161ven\u010di\u0173 tradicijas. Dainos ir \u0161okiai \u0161ioms tautoms siejasi ne tik su linksmyb\u0117mis, bet ir su laisve gyventi savo valstyb\u0117se pagal savo taisykles \u2013 juk b\u016btent dainuodami pra\u0117jusio am\u017eiaus pabaigoje atsikovojome Nepriklausomyb\u0119. Komunistin\u0117s priespaudos s\u0105lygomis Baltijos \u0161alims daina ir \u0161okis buvo \u012fgav\u0119 egzistencin\u0119 reik\u0161m\u0119 tauti\u0161kumui ir tapatybei i\u0161saugoti. Jausdami dainos gali\u0105, dain\u0173 \u0161ven\u010di\u0173 dalyviai visose trijose \u0161alyse kaskart repetavo Dainuojan\u010di\u0105 revoliucij\u0105. O kur revoliucija, ten ir studentai \u2013 visais laikais dr\u0105s\u016bs ir pasiruo\u0161\u0119 prisiimti atsakomyb\u0119 u\u017e savo \u0161ali\u0173 ateit\u012f. Tad nieko netur\u0117t\u0173 stebinti, kad prarastos laisv\u0117s ilgesys Estijos, Latvijos ir Lietuvos studentus paskatino burtis \u012f bendras dain\u0173 \u0161ventes, ir 1956 m. Estijoje pirm\u0105 kart\u0105 \u012fvyko Baltijos \u0161ali\u0173 student\u0173 dain\u0173 ir \u0161oki\u0173 \u0161vent\u0117 \u201eGaudeamus\u201c.<\/span><\/p>\n<p><span style=\"font-weight: 400;\">Nuo tada \u201eGaudeamus\u201c kas kelerius metus vyksta paeiliui Estijoje, Latvijoje ir Lietuvoje. Paskutin\u012f kart\u0105 Vilniuje \u0161vent\u0117 vyko 1999 ir 2011 m., ir pagaliau, muzika ir \u0161okiais d\u017eiuginusi latvi\u0173 ir est\u0173 publik\u0105, 2022 m. v\u0117l gr\u012f\u017eta \u012f Vilni\u0173.<\/span>[\/vc_column_text][\/vc_column_inner][vc_column_inner width=&#8221;1\/2&#8243;][vc_masonry_media_grid grid_id=&#8221;vc_gid:1649760506200-bdf5fb7b-3b69-5&#8243; include=&#8221;845,527,574,856,602,889,562,580,588&#8243;][\/vc_column_inner][\/vc_row_inner][\/vc_column][\/vc_row]<\/p>\n","protected":false},"excerpt":{"rendered":"<p>[vc_row css=&#8221;.vc_custom_1639344368770{background-color: #feeab8 !important;}&#8221; el_id=&#8221;about-history-section&#8221;][vc_column][vc_column_text el_class=&#8221;page-title&#8221;] Istorija [\/vc_column_text][vc_row_inner][vc_column_inner width=&#8221;1\/2&#8243;][vc_column_text]Estai, latviai ir lietuviai pasaulyje \u017einomi kaip dainuojan\u010dios tautos, turin\u010dios \u012fsp\u016bding\u0105sias Dain\u0173 ir \u0161oki\u0173 \u0161ven\u010di\u0173 tradicijas. Dainos ir \u0161okiai \u0161ioms tautoms siejasi ne tik su linksmyb\u0117mis, bet ir su laisve gyventi savo valstyb\u0117se pagal savo taisykles \u2013 juk b\u016btent dainuodami pra\u0117jusio am\u017eiaus pabaigoje atsikovojome Nepriklausomyb\u0119. Komunistin\u0117s priespaudos <a href=\"https:\/\/gaudeamus2022.lnkc.lt\/lt\/istorija\/\" class=\"more-link\">&#8230;<span class=\"screen-reader-text\">  ISTORIJA<\/span><\/a><\/p>\n","protected":false},"author":2,"featured_media":0,"parent":0,"menu_order":0,"comment_status":"closed","ping_status":"closed","template":"","meta":{"_mi_skip_tracking":false,"footnotes":""},"class_list":["post-310","page","type-page","status-publish","hentry"],"_links":{"self":[{"href":"https:\/\/gaudeamus2022.lnkc.lt\/lt\/wp-json\/wp\/v2\/pages\/310","targetHints":{"allow":["GET"]}}],"collection":[{"href":"https:\/\/gaudeamus2022.lnkc.lt\/lt\/wp-json\/wp\/v2\/pages"}],"about":[{"href":"https:\/\/gaudeamus2022.lnkc.lt\/lt\/wp-json\/wp\/v2\/types\/page"}],"author":[{"embeddable":true,"href":"https:\/\/gaudeamus2022.lnkc.lt\/lt\/wp-json\/wp\/v2\/users\/2"}],"replies":[{"embeddable":true,"href":"https:\/\/gaudeamus2022.lnkc.lt\/lt\/wp-json\/wp\/v2\/comments?post=310"}],"version-history":[{"count":17,"href":"https:\/\/gaudeamus2022.lnkc.lt\/lt\/wp-json\/wp\/v2\/pages\/310\/revisions"}],"predecessor-version":[{"id":1180,"href":"https:\/\/gaudeamus2022.lnkc.lt\/lt\/wp-json\/wp\/v2\/pages\/310\/revisions\/1180"}],"wp:attachment":[{"href":"https:\/\/gaudeamus2022.lnkc.lt\/lt\/wp-json\/wp\/v2\/media?parent=310"}],"curies":[{"name":"wp","href":"https:\/\/api.w.org\/{rel}","templated":true}]}}