{"id":314,"date":"2021-12-22T13:46:18","date_gmt":"2021-12-22T11:46:18","guid":{"rendered":"https:\/\/gaudeamus2022.lnkc.lt\/gaudeamus-2022\/"},"modified":"2022-03-16T15:15:23","modified_gmt":"2022-03-16T13:15:23","slug":"gaudeamus-2022","status":"publish","type":"page","link":"https:\/\/gaudeamus2022.lnkc.lt\/lt\/gaudeamus-2022\/","title":{"rendered":"GAUDEAMUS 2022"},"content":{"rendered":"<p>[vc_row css=&#8221;.vc_custom_1639341557921{background-color: #feeab8 !important;}&#8221; el_id=&#8221;gaudeamus-2022-section&#8221;][vc_column][vc_column_text el_class=&#8221;page-title&#8221;]<\/p>\n<h1>Gaudeamus 2022<\/h1>\n<p>[\/vc_column_text][\/vc_column][vc_column width=&#8221;1\/2&#8243; el_class=&#8221;about-left-block&#8221;][vc_column_text]Gim\u0119 tre\u010di\u0105j\u012f t\u016bkstantmet\u012f.<br \/>\nGim\u0119 dainuoti.<br \/>\n\u0160okti.<br \/>\nD\u017eiaugtis.<br \/>\nMes ateiname t\u0119sti tradicij\u0105.<\/p>\n<p>3 \u0161alys. 3 kalbos. 3 dienos. 3 t\u016bkstan\u010diai prie\u017eas\u010di\u0173 nemiegot iki ryto!<\/p>\n<p>Dabar metas m\u016bs\u0173 vienybei.<br \/>\nDabar laikas m\u016bs\u0173 balsui.<br \/>\nDabar eil\u0117 m\u016bs\u0173 atei\u010diai.<\/p>\n<p>Tre\u010diojo t\u016bkstantme\u010dio karta jau u\u017eaugo.<\/p>\n<p>#karta3000 sudrebins Vilni\u0173 chorin\u0117s muzikos ir pu\u010diam\u0173j\u0173 instrument\u0173 orkestr\u0173 koncertuose, o bir\u017eelio 19 d. Kaln\u0173 parke surengs did\u012fj\u012f Gaudeamus koncert\u0105![\/vc_column_text][vc_single_image image=&#8221;854&#8243; img_size=&#8221;full&#8221;][\/vc_column][vc_column width=&#8221;1\/2&#8243; el_class=&#8221;about-right-block&#8221;][vc_masonry_media_grid grid_id=&#8221;vc_gid:1647436505794-4258836a-fd78-1&#8243; include=&#8221;841,845,843,847,849,856&#8243;][vc_column_text]B\u016bti studentu \u2013 sunki na\u0161ta. Ant pe\u010di\u0173 gri\u016bva \u201epareiga\u201d linksmintis, ie\u0161koti sav\u0119s, draug\u0173 rate naktimis skai\u010diuoti \u017evaig\u017edes, atrasti nepatirtus gyvenimo malonumus \u2013 <i>carpe<\/i> <i>diem<\/i> ritmu gyventi taip, lyg rytojus niekada neateit\u0173. Ta\u010diau tuo pat metu i\u0161 student\u0173 tikimasi rytojaus lyderi\u0173, kurie \u0161iandien save atiduoda pasirinkt\u0173 moksl\u0173 krimtimui. Tam, kad ka\u017ekada \u012fgyvendint\u0173 visuomen\u0117s l\u016bkes\u010dius ir tapt\u0173 pavyzdingais pilie\u010diais, bendruomen\u0117s rams\u010diais, pareigingais socialin\u0117s ir ekonomin\u0117s \u0161alies gerov\u0117s k\u016br\u0117jais.<\/p>\n<p>Paradoksalus studenti\u0161ko gyvenimo dualumas buvo \u012fam\u017eintas nemirtinguose Gaudeamus Igitur \u017eod\u017eiuose. Ironi\u0161ki ir nuotaikingi himno \u017eod\u017eiai \u0161lovina studentams \u012fprast\u0105 <i>carpe<\/i> <i>diem<\/i> po\u017ei\u016br\u012f \u012f gyvenim\u0105. Ta\u010diau <i>De <\/i><i>Brevitate<\/i><i> Vitae<\/i><i> \u2013 <\/i>nors ir su lengvu humoru \u2013 koduoja ir kit\u0105 ideal\u0105: tarnyst\u0119 tiesai, bendruomenei, \u0161aliai. Talpindamas \u0161imtme\u010di\u0173 i\u0161mint\u012f, Gaudeamus himnas primena studenti\u0161ko gyvenimo esm\u0119 \u2013 jaunatvi\u0161k\u0105 pareig\u0105 patirti kuo daugiau auk\u0161t\u0173j\u0173 gyvenimo akimirk\u0173, tuo pa\u010diu metu klojant pamatus gra\u017eesnio pasaulio suk\u016brimui.<\/p>\n<p>Ta\u010diau Gaudeamus 2022 \u0161vent\u0117s dalyviai yra neeiliniai studentai. Jie atstovauja pirmajai kartai student\u0173, gimusi\u0173 ir u\u017eaugusi\u0173 tre\u010diajame m\u016bs\u0173 eros t\u016bkstantmetyje. Ir nors galb\u016bt jiems to dar niekas nepasak\u0117, j\u0173 karta \u2013 Karta 3000 &#8211; savo rankose laiko \u017emonijos likimo raktus.<\/p>\n<p>Tre\u010diasis t\u016bkstantmetis \u2013 tai nauja daina i\u0161 j\u0173 nat\u0173, nesutept\u0173 praeit\u0173 am\u017ei\u0173 skausmais, skriaudomis ir nusivylimais. M\u016bs\u0173 ateitis \u2013 j\u0173 rankose. J\u0173 laikas at\u0117jo.[\/vc_column_text][\/vc_column][\/vc_row]<\/p>\n","protected":false},"excerpt":{"rendered":"<p>[vc_row css=&#8221;.vc_custom_1639341557921{background-color: #feeab8 !important;}&#8221; el_id=&#8221;gaudeamus-2022-section&#8221;][vc_column][vc_column_text el_class=&#8221;page-title&#8221;] Gaudeamus 2022 [\/vc_column_text][\/vc_column][vc_column width=&#8221;1\/2&#8243; el_class=&#8221;about-left-block&#8221;][vc_column_text]Gim\u0119 tre\u010di\u0105j\u012f t\u016bkstantmet\u012f. Gim\u0119 dainuoti. \u0160okti. D\u017eiaugtis. Mes ateiname t\u0119sti tradicij\u0105. 3 \u0161alys. 3 kalbos. 3 dienos. 3 t\u016bkstan\u010diai prie\u017eas\u010di\u0173 nemiegot iki ryto! Dabar metas m\u016bs\u0173 vienybei. Dabar laikas m\u016bs\u0173 balsui. Dabar eil\u0117 m\u016bs\u0173 atei\u010diai. Tre\u010diojo t\u016bkstantme\u010dio karta jau u\u017eaugo. #karta3000 sudrebins Vilni\u0173 chorin\u0117s muzikos <a href=\"https:\/\/gaudeamus2022.lnkc.lt\/lt\/gaudeamus-2022\/\" class=\"more-link\">&#8230;<span class=\"screen-reader-text\">  GAUDEAMUS 2022<\/span><\/a><\/p>\n","protected":false},"author":2,"featured_media":0,"parent":0,"menu_order":0,"comment_status":"closed","ping_status":"closed","template":"","meta":{"_mi_skip_tracking":false,"footnotes":""},"class_list":["post-314","page","type-page","status-publish","hentry"],"_links":{"self":[{"href":"https:\/\/gaudeamus2022.lnkc.lt\/lt\/wp-json\/wp\/v2\/pages\/314","targetHints":{"allow":["GET"]}}],"collection":[{"href":"https:\/\/gaudeamus2022.lnkc.lt\/lt\/wp-json\/wp\/v2\/pages"}],"about":[{"href":"https:\/\/gaudeamus2022.lnkc.lt\/lt\/wp-json\/wp\/v2\/types\/page"}],"author":[{"embeddable":true,"href":"https:\/\/gaudeamus2022.lnkc.lt\/lt\/wp-json\/wp\/v2\/users\/2"}],"replies":[{"embeddable":true,"href":"https:\/\/gaudeamus2022.lnkc.lt\/lt\/wp-json\/wp\/v2\/comments?post=314"}],"version-history":[{"count":20,"href":"https:\/\/gaudeamus2022.lnkc.lt\/lt\/wp-json\/wp\/v2\/pages\/314\/revisions"}],"predecessor-version":[{"id":967,"href":"https:\/\/gaudeamus2022.lnkc.lt\/lt\/wp-json\/wp\/v2\/pages\/314\/revisions\/967"}],"wp:attachment":[{"href":"https:\/\/gaudeamus2022.lnkc.lt\/lt\/wp-json\/wp\/v2\/media?parent=314"}],"curies":[{"name":"wp","href":"https:\/\/api.w.org\/{rel}","templated":true}]}}