{"id":325,"date":"2021-12-22T13:47:35","date_gmt":"2021-12-22T11:47:35","guid":{"rendered":"https:\/\/gaudeamus2022.lnkc.lt\/repertoire-materials\/"},"modified":"2022-06-02T14:34:27","modified_gmt":"2022-06-02T11:34:27","slug":"repertuaras-medziaga","status":"publish","type":"page","link":"https:\/\/gaudeamus2022.lnkc.lt\/lt\/repertuaras-medziaga\/","title":{"rendered":"REPERTUARAS+MED\u017dIAGA"},"content":{"rendered":"<p>[vc_row css=&#8221;.vc_custom_1639346702151{background-color: #b2d4f0 !important;}&#8221; el_id=&#8221;repertoire-section&#8221;][vc_column][vc_column_text el_class=&#8221;page-title&#8221;]<\/p>\n<h1>REPERTUARAS+MED\u017dIAGA<\/h1>\n<p>[\/vc_column_text][vc_row_inner][vc_column_inner el_class=&#8221;repertoire-block&#8221; width=&#8221;1\/2&#8243;][vc_column_text]<\/p>\n<h2>Chorams<\/h2>\n<p>[\/vc_column_text][vc_column_text]<\/p>\n<h4>Bendra programa<\/h4>\n<p>[\/vc_column_text][vc_column_text el_class=&#8221;repertoire-title&#8221;]<\/p>\n<h4>\u201eOi u luzi chervona kalyna\u201c, ukrainie\u010di\u0173 liaudies daina, aran\u017euot\u0117: Tomas Di\u010di\u016bnas<\/h4>\n<p>[\/vc_column_text][vc_column_text el_class=&#8221;repertoire-links&#8221;]<a href=\"https:\/\/gaudeamus2022.lnkc.lt\/wp-content\/uploads\/2022\/05\/Slava-Ukraini-Gaudeamus_Final.pdf\" download=\"\">Partit\u016bra<\/a>\u00a0\/ <a href=\"https:\/\/gaudeamus2022.lnkc.lt\/wp-content\/uploads\/2022\/05\/part-recordings.zip\" download=\"\">Partij\u0173 \u012fra\u0161ai<\/a>[\/vc_column_text][vc_column_text el_class=&#8221;repertoire-title&#8221;]<\/p>\n<h4>\u201eAteinu\u201c, muzika ir tekstas: Raminta Naujanyt\u0117 Bjelle<\/h4>\n<p>[\/vc_column_text][vc_column_text el_class=&#8221;repertoire-links&#8221;]<a href=\"https:\/\/gaudeamus2022.lnkc.lt\/wp-content\/uploads\/2022\/06\/Bjelle-Ateinu-SOLO-ir-SATB-LT.pdf\" download=\"\">Partit\u016bra<\/a> \/ <a href=\"https:\/\/gaudeamus2022.lnkc.lt\/wp-content\/uploads\/2022\/06\/Ateinu-naujas-vokalas.mp3\" download=\"\">Garso \u012fra\u0161as<\/a>[\/vc_column_text][vc_column_text el_class=&#8221;repertoire-title&#8221;]<\/p>\n<h4>\u201eSkrisk, jaunyste\u201c, muzika ir tekstas: Gintautas Venislovas<\/h4>\n<p>[\/vc_column_text][vc_column_text el_class=&#8221;repertoire-links&#8221;]<a href=\"\/wp-content\/uploads\/materials\/izanga-skrisk-jaunyste-SATB-piano.pdf\" download=\"\">SATB choras<\/a>\u00a0\/ <a href=\"\/wp-content\/uploads\/materials\/skrisk-jaunyste-SATB.pdf\" download=\"\">SATB klavyras<\/a>\u00a0\/ <a href=\"\/wp-content\/uploads\/materials\/skriskjaunyste.zip\" download=\"\">Partij\u0173 \u012fra\u0161ai<\/a>[\/vc_column_text][vc_column_text el_class=&#8221;repertoire-title&#8221;]<\/p>\n<h4>\u201eGaudeamus igitur\u201c<\/h4>\n<p>[\/vc_column_text][vc_column_text el_class=&#8221;repertoire-links&#8221;]<a href=\"\/wp-content\/uploads\/materials\/GaudeamusDdur.pdf\" download=\"\">SATB choras<\/a>[\/vc_column_text][vc_column_text el_class=&#8221;repertoire-title&#8221;]<\/p>\n<h4>Estijos valstyb\u0117s himnas<\/h4>\n<p>[\/vc_column_text][vc_column_text el_class=&#8221;repertoire-links&#8221;]<a href=\"\/wp-content\/uploads\/materials\/Muisamaa.pdf\" download=\"\">SATB choras<\/a>[\/vc_column_text][vc_column_text el_class=&#8221;repertoire-title&#8221;]<\/p>\n<h4>Latvijos valstyb\u0117s himnas<\/h4>\n<p>[\/vc_column_text][vc_column_text el_class=&#8221;repertoire-links&#8221;]<a href=\"\/wp-content\/uploads\/materials\/DievssvetiLatviju.pdf\" download=\"\">SATB choras<\/a> \/ <a href=\"\/wp-content\/uploads\/materials\/A101DievsSveti02MIXmax.mp3\" download=\"\">Partij\u0173 \u012fra\u0161ai<\/a>[\/vc_column_text][vc_column_text el_class=&#8221;repertoire-title&#8221;]<\/p>\n<h4>Lietuvos valstyb\u0117s himnas<\/h4>\n<p>[\/vc_column_text][vc_column_text el_class=&#8221;repertoire-links&#8221;]<a href=\"\/wp-content\/uploads\/materials\/Tautiskagiesme.pdf\" download=\"\">SATB choras<\/a>[\/vc_column_text][vc_column_text el_class=&#8221;repertoire-title&#8221;]<\/p>\n<h4>\u201eNe d\u0117l \u017ealio vyno\u201c, lietuvi\u0173 liaudies daina, arana\u017euot\u0117: Vilija Ma\u017eintait\u0117<\/h4>\n<p>[\/vc_column_text][vc_column_text el_class=&#8221;repertoire-links&#8221;]<a href=\"\/wp-content\/uploads\/materials\/NedelzaliovynoSSAAGAUDEAMUS.pdf\" download=\"\">SA choras<\/a> \/ <a href=\"\/wp-content\/uploads\/materials\/NedelzaliovynoTBGAUDEAMUS.pdf\" download=\"\">TB choras\u00a0<\/a> \/ <a href=\"\/wp-content\/uploads\/materials\/NedelzaliovynoSATBGAUDEAMUS.pdf\" download=\"\">SATB choras<\/a> \/ <a href=\"\/wp-content\/uploads\/materials\/Nedelzaliovyno.zip\" download=\"\">Partij\u0173 \u012fra\u0161ai<\/a>[\/vc_column_text][vc_column_text el_class=&#8221;repertoire-title&#8221;]<\/p>\n<h4>\u201eR\u012bta un vakara dziesma\u201c, muzika: Raimonds Tiguls, tekstas: Rasa Bugavi\u010dute-P\u0113ce<\/h4>\n<p>[\/vc_column_text][vc_column_text el_class=&#8221;repertoire-links&#8221;]<a href=\"https:\/\/gaudeamus2022.lnkc.lt\/wp-content\/uploads\/2022\/03\/Rita-un-vakara-dziesma-FEMALE-choir.pdf\" download=\"\">SA choras<\/a> \/ <a href=\"https:\/\/gaudeamus2022.lnkc.lt\/wp-content\/uploads\/2022\/03\/Rita-un-vakara-dziesma-Female-choir-PIANO.pdf\" download=\"\">SA klavyras<\/a>\u00a0\/ <a href=\"https:\/\/gaudeamus2022.lnkc.lt\/wp-content\/uploads\/2022\/03\/Rita-un-vakara-dziesma-MEN-choir.pdf\" download=\"\">TB choras<\/a> \/ <a href=\"https:\/\/gaudeamus2022.lnkc.lt\/wp-content\/uploads\/2022\/03\/Rita-un-vakara-dziesma-Men-choir-PIANO.pdf\" download=\"\">TB klavyras<\/a>\u00a0\/ <a href=\"https:\/\/gaudeamus2022.lnkc.lt\/wp-content\/uploads\/2022\/03\/Rita-un-vakara-dziesma-MIXED-choir.pdf\" download=\"\">SATB choras<\/a> \/ <a href=\"https:\/\/gaudeamus2022.lnkc.lt\/wp-content\/uploads\/2022\/03\/Rita-un-vakara-dziesma-Mixed-choir-PIANO.pdf\" download=\"\">SATB klavyras<\/a>\u00a0\/ <a href=\"\/wp-content\/uploads\/materials\/Ritaunvakaradziesma.zip\" download=\"\">Partij\u0173 \u012fra\u0161ai<\/a>[\/vc_column_text][vc_column_text el_class=&#8221;repertoire-title&#8221;]<\/p>\n<h4>\u201eVaata ja sa n\u00e4ed&#8230;\u201c, muzika: Karin Kuulpak, tekstas: Veiko Tubin<\/h4>\n<p>[\/vc_column_text][vc_column_text el_class=&#8221;repertoire-links&#8221;]<a href=\"https:\/\/gaudeamus2022.lnkc.lt\/wp-content\/uploads\/2022\/03\/EE-Vaata-ja-sa-naed-Look-and-you-will-see.pdf..pdf\" download=\"\">SATB choras<\/a>[\/vc_column_text][vc_column_text el_class=&#8221;repertoire-title&#8221;]<\/p>\n<h4>\u201eMes esame 3000 karta!\u201c, muzika ir tekstas: Linas Adomaitis, aran\u017euot\u0117: Linas Adomaitis, Jievaras Jasinskis ir Danguol\u0117 Beinaryt\u0117<\/h4>\n<p>[\/vc_column_text][vc_column_text el_class=&#8221;repertoire-links&#8221;]<a href=\"\/wp-content\/uploads\/materials\/Mesesame3000kartaSAsolo.pdf\" download=\"\">SA choras<\/a> \/ <a href=\"\/wp-content\/uploads\/materials\/MESESAME3000KARTASAsolopiano.pdf\" download=\"\">SA klavyras<\/a>\u00a0\/ <a href=\"\/wp-content\/uploads\/materials\/Mesesame300kartaSATBsolo.pdf\" download=\"\">SATB choras<\/a> \/ <a href=\"https:\/\/gaudeamus2022.lnkc.lt\/wp-content\/uploads\/2022\/03\/14a.-MES-ESAME-3000-KARTA-SATB-Solo-Piano.pdf\" download=\"\">SATB klavyras<\/a>[\/vc_column_text][vc_column_text]<\/p>\n<h4>Lietuvi\u0173 chor\u0173 programa<\/h4>\n<p>[\/vc_column_text][vc_column_text el_class=&#8221;repertoire-title&#8221;]<\/p>\n<h4>\u201eLux civitatis Gedimini\u201c, muzika: Vaclovas Augustinas, tekstas: Vladas Brazi\u016bnas<\/h4>\n<p>[\/vc_column_text][vc_column_text el_class=&#8221;repertoire-links&#8221;]<a href=\"https:\/\/gaudeamus2022.lnkc.lt\/wp-content\/uploads\/2022\/03\/9.-V.-Augustinas-Gedimino-miesto-sviesa-pataisytas-Kastycio.pdf\" download=\"\">SATB choras<\/a>[\/vc_column_text][vc_column_text el_class=&#8221;repertoire-title&#8221;]<\/p>\n<h4>\u201e&#8230;apie \u0160vies\u0105\u201c, muzika ir tekstas: Gediminas Dapkevi\u010dius<\/h4>\n<p>[\/vc_column_text][vc_column_text el_class=&#8221;repertoire-links&#8221;]<a href=\"https:\/\/gaudeamus2022.lnkc.lt\/wp-content\/uploads\/2022\/03\/10.-apie-Sviesa-SATB.pdf\" download=\"\">SATB choras<\/a> \/\u00a0<a href=\"https:\/\/gaudeamus2022.lnkc.lt\/wp-content\/uploads\/2022\/03\/10a.-apie-Sviesa-SATB-piano.pdf\">Klavyras<\/a>[\/vc_column_text][vc_column_text el_class=&#8221;repertoire-title&#8221;]<\/p>\n<h4>\u201eSidabro laki\u016bt\u0117\u201c, lietuvi\u0173 liaudies tekstas, muzika: Saulius Petreikis, aran\u017euot\u0117: Danguol\u0117 Beinaryt\u0117<\/h4>\n<p>[\/vc_column_text][vc_column_text el_class=&#8221;repertoire-links&#8221;]<a href=\"https:\/\/gaudeamus2022.lnkc.lt\/wp-content\/uploads\/2022\/05\/Sidabro-lakiute-SATB-TAISYTA.pdf\" download=\"\">SATB choras<\/a>[\/vc_column_text][vc_column_text el_class=&#8221;repertoire-title&#8221;]<\/p>\n<h4>\u201eLek gerv\u0117\u201c, lietuvi\u0173 liaudies daina, aran\u017euot\u0117: Robertas Varnas<\/h4>\n<p>[\/vc_column_text][vc_column_text el_class=&#8221;repertoire-links&#8221;]<a href=\"https:\/\/gaudeamus2022.lnkc.lt\/wp-content\/uploads\/2022\/03\/12.-Lek-gervele.pdf\" download=\"\">SATB choras<\/a>[\/vc_column_text][vc_column_text el_class=&#8221;repertoire-title&#8221;]<\/p>\n<h4>\u201eVytauto Kernagio dain\u0173 popuri\u201c, muzika: Vytautas Kernagis, \u017eod\u017eiai: Salom\u0117ja N\u0117ris, Kazys Binkis, Vytautas Kernagis, aran\u017euot\u0117: Danguol\u0117 Beinaryt\u0117, Jievaras Jasinskis<\/h4>\n<p>[\/vc_column_text][vc_column_text el_class=&#8221;repertoire-links&#8221;]<a href=\"https:\/\/gaudeamus2022.lnkc.lt\/wp-content\/uploads\/2022\/03\/13.-Vytauto-Kernagio-dainu-popuri-SA.pdf\" download=\"\">SA choras<\/a> \/ <a href=\"https:\/\/gaudeamus2022.lnkc.lt\/wp-content\/uploads\/2022\/03\/13a.-Vytauto-Kernagio-dainu-popuri-SA-Piano.pdf\" download=\"\">SA klavyras<\/a>\u00a0\/ <a href=\"https:\/\/gaudeamus2022.lnkc.lt\/wp-content\/uploads\/2022\/03\/13.-Vytauto-Kernagio-dainu-popuri-TB.pdf\" download=\"\">TB choras<\/a> \/ <a href=\"https:\/\/gaudeamus2022.lnkc.lt\/wp-content\/uploads\/2022\/03\/13a.-Vytauto-Kernagio-dainu-popuri-TB-Piano.pdf\" download=\"\">TB klavyras<\/a>\u00a0\/ <a href=\"https:\/\/gaudeamus2022.lnkc.lt\/wp-content\/uploads\/2022\/03\/13.-Vytauto-Kernagio-dainu-popuri-SATB.pdf\" download=\"\">SATB choras<\/a> \/ <a href=\"https:\/\/gaudeamus2022.lnkc.lt\/wp-content\/uploads\/2022\/03\/13a.-Vytauto-Kernagio-dainu-popuri-SATB-Piano.pdf\" download=\"\">SATB klavyras<\/a>[\/vc_column_text][\/vc_column_inner][vc_column_inner el_class=&#8221;repertoire-block&#8221; width=&#8221;1\/2&#8243;][vc_column_text]<\/p>\n<h2>\u0160ok\u0117jams<\/h2>\n<p>[\/vc_column_text][vc_column_text]<\/p>\n<h4>Bendra programa<\/h4>\n<p>[\/vc_column_text][vc_column_text el_class=&#8221;repertoire-title&#8221;]<\/p>\n<h4>\u201eSkrisk, jaunyste\u201c, muzika ir tekstas: Gintautas Venislovas, choreografija: Rimut\u0117 Zaleckait\u0117<\/h4>\n<p>[\/vc_column_text][vc_column_text el_class=&#8221;repertoire-title&#8221;]<\/p>\n<h4>\u201eJaunyst\u0117s verpetas\u201c, muzika: Algimantas Bra\u017einskas, choreografija: Laimut\u0117 Kisielien\u0117, aik\u0161t\u0117s kompozicija: Vidmantas Ma\u010diulskis<\/h4>\n<p>[\/vc_column_text][vc_column_text el_class=&#8221;repertoire-links&#8221;]<a href=\"https:\/\/gaudeamus2022.lnkc.lt\/wp-content\/uploads\/2022\/05\/jaunystes-verpetas.zip\" download=\"\">Partit\u016bra ir partijos<\/a>[\/vc_column_text][vc_column_text el_class=&#8221;repertoire-title&#8221;]<\/p>\n<h4>\u201eEi, kieno \u017ealias kiemelis\u201c, lietuvi\u0173 liaudies \u0161okis, choreografija ir aik\u0161t\u0117s kompozicija: Rimut\u0117 Zaleckait\u0117<\/h4>\n<p>[\/vc_column_text][vc_column_text el_class=&#8221;repertoire-title&#8221;]<\/p>\n<h4>\u201eMainytinis\u201c, muzika: Vidas Aleksandravi\u010dius, choreografija: Tamara Kalibatait\u0117, aik\u0161t\u0117s kompozicija: Indr\u0117 Alaburdien\u0117<\/h4>\n<p>[\/vc_column_text][vc_column_text el_class=&#8221;repertoire-title&#8221;]<\/p>\n<h4>\u201ePasiutusiai gra\u017eios Jadvygos polka\u201c, muzika: Eugenijus \u010ciplys, tekstas, aik\u0161t\u0117s kompozicija ir choreografija: Vidmantas Ma\u010diulskis<\/h4>\n<p>[\/vc_column_text][vc_column_text el_class=&#8221;repertoire-title&#8221;]<\/p>\n<h4>\u201ePaskutin\u0117 polka\u201c, muzika: Jurgis Gai\u017eauskas, tekstas: Stasys \u017dlibinas, choreografija: Elena Mork\u016bnien\u0117, aik\u0161t\u0117s kompozicija: Margarita Tomkevi\u010di\u016bt\u0117<\/h4>\n<p>[\/vc_column_text][vc_column_text el_class=&#8221;repertoire-title&#8221;]<\/p>\n<h4>\u201eC\u016bkas dri\u0137os\u201c, latvi\u0173 liaudies \u0161okis<\/h4>\n<p>[\/vc_column_text][vc_column_text el_class=&#8221;repertoire-title&#8221;]<\/p>\n<h4>\u201eKungla rahvas\u201c, est\u0173 liaudies \u0161okis, muzika: Karl August Hermann, tekstas: Friedrich Kuhlbars, choreografija: Anna Raudkats<\/h4>\n<p>[\/vc_column_text][vc_column_text el_class=&#8221;repertoire-title&#8221;]<\/p>\n<h4>\u201eGransveras\u201c, lietuvi\u0173 liaudies \u0161okis<\/h4>\n<p>[\/vc_column_text][vc_column_text el_class=&#8221;repertoire-title&#8221;]<\/p>\n<h4>\u201eMes esame 3000 karta!\u201c, muzika ir tekstas: Linas Adomaitis, aran\u017euot\u0117: Linas Adomaitis, Jievaras Jasinskis ir Danguol\u0117 Beinaryt\u0117, choreografija: Rimut\u0117 Zaleckait\u0117<\/h4>\n<p>[\/vc_column_text][\/vc_column_inner][\/vc_row_inner][vc_row_inner][vc_column_inner el_class=&#8221;repertoire-block&#8221; width=&#8221;1\/2&#8243;][vc_column_text]<\/p>\n<h2>Pu\u010diam\u0173j\u0173 instrument\u0173 orkestrams<\/h2>\n<p>[\/vc_column_text][vc_column_text]<\/p>\n<h4>Bendra programa<\/h4>\n<p>[\/vc_column_text][vc_column_text el_class=&#8221;repertoire-title&#8221;]<\/p>\n<h4>\u201eK\u00e4es on j\u00e4lle suvi\u201c, aran\u017euot\u0117: T\u00f5nis K\u00f5rvits<\/h4>\n<p>[\/vc_column_text][vc_column_text el_class=&#8221;repertoire-links&#8221;]<a href=\"https:\/\/drive.google.com\/file\/d\/1c5Af_RtLl4KcPhEnnfdrwT6pvyKI4mEF\/view\">Partit\u016bra<\/a> \/ <a href=\"https:\/\/2019.laulupidu.ee\/en\/kaes-on-jalle-suvi-2018-04-20-2\/\">Garso \u012fra\u0161as<\/a>[\/vc_column_text][vc_column_text el_class=&#8221;repertoire-title&#8221;]<\/p>\n<h4>\u201eBauskas lauskas\u201c, muzika: Jurij Kulakov<\/h4>\n<p>[\/vc_column_text][vc_column_text el_class=&#8221;repertoire-title&#8221;]<\/p>\n<h4>\u201eLietuvi\u0161ki \u0161okiai\u201c, aran\u017euot\u0117: Kazys Daug\u0117la<\/h4>\n<p>[\/vc_column_text][vc_column_text el_class=&#8221;repertoire-links&#8221;]<a href=\"https:\/\/gaudeamus2022.lnkc.lt\/wp-content\/uploads\/2022\/03\/Lietuviski-sokiai-partitura.pdf\" download=\"\">Partit\u016bra<\/a>\u00a0\/ <a href=\"https:\/\/gaudeamus2022.lnkc.lt\/wp-content\/uploads\/2022\/03\/Lietuviski-sokiai-partijos.pdf\" download=\"\">Partijos<\/a>\u00a0\/ <a href=\"https:\/\/gaudeamus2022.lnkc.lt\/wp-content\/uploads\/2022\/03\/Lietuviski-sokiai-irasas.mp3\" download=\"\">Garso \u012fra\u0161as<\/a>[\/vc_column_text][vc_column_text el_class=&#8221;repertoire-title&#8221;]<\/p>\n<p>[\/vc_column_text][\/vc_column_inner][vc_column_inner width=&#8221;1\/2&#8243;][vc_column_text el_class=&#8221;repertoire-title&#8221;]<\/p>\n<h2>Liaudi\u0161kos muzikos ansambliams<\/h2>\n<p>[\/vc_column_text][vc_column_text el_class=&#8221;repertoire-title&#8221;]<\/p>\n<h4>\u201e\u010ci\u016b\u017eela\u201c, aran\u017euot\u0117: Anatolijus Lapinskas, i\u0161pl\u0117tota Eugenijaus \u010ciplio<\/h4>\n<p>[\/vc_column_text][vc_column_text el_class=&#8221;repertoire-links&#8221;]<a href=\"https:\/\/gaudeamus2022.lnkc.lt\/wp-content\/uploads\/2022\/03\/Ciuzela-Gaudeamus-Partitura-ir-Partijos.zip\">Partit\u016bra ir partijos<\/a>[\/vc_column_text][vc_column_text el_class=&#8221;repertoire-title&#8221;]<\/p>\n<h4>\u201eLinksmasis pokalbis\u201c, muzika: Bronius M\u016bras, aran\u017euot\u0117: K\u0119stutis Lipeika<\/h4>\n<p>[\/vc_column_text][vc_column_text el_class=&#8221;repertoire-links&#8221;]<a href=\"https:\/\/gaudeamus2022.lnkc.lt\/wp-content\/uploads\/2022\/03\/linksmas-pokalbis.zip\" download=\"\">Partit\u016bra ir partijos<\/a>[\/vc_column_text][vc_column_text el_class=&#8221;repertoire-title&#8221;]<\/p>\n<h4>\u201ePasiutusiai gra\u017eios Jadvygos polka\u201c, lietuvi\u0173 liaudies muzika, i\u0161pl\u0117tota Eugenijaus \u010ciplio, choreografija: Vidmantas Ma\u010diulskis<\/h4>\n<p>[\/vc_column_text][vc_column_text el_class=&#8221;repertoire-links&#8221;]<a href=\"https:\/\/gaudeamus2022.lnkc.lt\/wp-content\/uploads\/2022\/03\/Jadvygos-polka-Gaudeamus-Partitura-ir-partijos.zip\" download=\"\">Partit\u016bra ir partijos<\/a>[\/vc_column_text][vc_column_text el_class=&#8221;repertoire-title&#8221;]<\/p>\n<h4>\u201ePaskutin\u0117 polka\u201c, muzika: Jurgis Gai\u017eauskas, choreografija: Elena Mork\u016bnien\u0117<\/h4>\n<p>[\/vc_column_text][vc_column_text el_class=&#8221;repertoire-links&#8221;]<a href=\"https:\/\/gaudeamus2022.lnkc.lt\/wp-content\/uploads\/2022\/03\/Paskutine-polka-Gaudeamus-Partitura-ir-partijos.zip\">Partit\u016bra ir partijos<\/a>[\/vc_column_text][vc_column_text el_class=&#8221;repertoire-title&#8221;]<\/p>\n<h4>\u201eMainytinis\u201c, muzika: Vidas Aleksandravi\u010dius, orkestruot\u0117: Eugenijus \u010ciplys, choreografija: Tamara Kalibatait\u0117, aik\u0161t\u0117s kompozicija: Indr\u0117 Alaburdien\u0117<\/h4>\n<h4><\/h4>\n<p>[\/vc_column_text][vc_column_text el_class=&#8221;repertoire-links&#8221;]<a href=\"https:\/\/gaudeamus2022.lnkc.lt\/wp-content\/uploads\/2022\/05\/Mainytinis-Gaudeamus-PARTITURA-IR-PARTIJOS.zip\">Partit\u016bra ir partijos<\/a>[\/vc_column_text][vc_column_text el_class=&#8221;repertoire-title&#8221;]<\/p>\n<h4>\u201eJaunyst\u0117s verpetas\u201c, muzika: Algimantas Bra\u017einskas, choreografija: Laimut\u0117 Kisielien\u0117, aik\u0161t\u0117s kompozicija: Vidmantas Ma\u010diulskis<\/h4>\n<p>[\/vc_column_text][vc_column_text el_class=&#8221;repertoire-links&#8221;]<a href=\"https:\/\/gaudeamus2022.lnkc.lt\/wp-content\/uploads\/2022\/05\/jaunystes-verpetas.zip\" download=\"\">Partit\u016bra ir partijos<\/a>[\/vc_column_text][\/vc_column_inner][\/vc_row_inner][\/vc_column][\/vc_row][vc_row][vc_column][vc_column_text]<\/p>\n<p>[\/vc_column_text][\/vc_column][\/vc_row]<\/p>\n","protected":false},"excerpt":{"rendered":"<p>[vc_row css=&#8221;.vc_custom_1639346702151{background-color: #b2d4f0 !important;}&#8221; el_id=&#8221;repertoire-section&#8221;][vc_column][vc_column_text el_class=&#8221;page-title&#8221;] REPERTUARAS+MED\u017dIAGA [\/vc_column_text][vc_row_inner][vc_column_inner el_class=&#8221;repertoire-block&#8221; width=&#8221;1\/2&#8243;][vc_column_text] Chorams [\/vc_column_text][vc_column_text] Bendra programa [\/vc_column_text][vc_column_text el_class=&#8221;repertoire-title&#8221;] \u201eOi u luzi chervona kalyna\u201c, ukrainie\u010di\u0173 liaudies daina, aran\u017euot\u0117: Tomas Di\u010di\u016bnas [\/vc_column_text][vc_column_text el_class=&#8221;repertoire-links&#8221;]Partit\u016bra\u00a0\/ Partij\u0173 \u012fra\u0161ai[\/vc_column_text][vc_column_text el_class=&#8221;repertoire-title&#8221;] \u201eAteinu\u201c, muzika ir tekstas: Raminta Naujanyt\u0117 Bjelle [\/vc_column_text][vc_column_text el_class=&#8221;repertoire-links&#8221;]Partit\u016bra \/ Garso \u012fra\u0161as[\/vc_column_text][vc_column_text el_class=&#8221;repertoire-title&#8221;] \u201eSkrisk, jaunyste\u201c, muzika ir tekstas: Gintautas Venislovas [\/vc_column_text][vc_column_text el_class=&#8221;repertoire-links&#8221;]SATB choras\u00a0\/ <a href=\"https:\/\/gaudeamus2022.lnkc.lt\/lt\/repertuaras-medziaga\/\" class=\"more-link\">&#8230;<span class=\"screen-reader-text\">  REPERTUARAS+MED\u017dIAGA<\/span><\/a><\/p>\n","protected":false},"author":2,"featured_media":0,"parent":0,"menu_order":0,"comment_status":"closed","ping_status":"closed","template":"","meta":{"_mi_skip_tracking":false,"footnotes":""},"class_list":["post-325","page","type-page","status-publish","hentry"],"_links":{"self":[{"href":"https:\/\/gaudeamus2022.lnkc.lt\/lt\/wp-json\/wp\/v2\/pages\/325","targetHints":{"allow":["GET"]}}],"collection":[{"href":"https:\/\/gaudeamus2022.lnkc.lt\/lt\/wp-json\/wp\/v2\/pages"}],"about":[{"href":"https:\/\/gaudeamus2022.lnkc.lt\/lt\/wp-json\/wp\/v2\/types\/page"}],"author":[{"embeddable":true,"href":"https:\/\/gaudeamus2022.lnkc.lt\/lt\/wp-json\/wp\/v2\/users\/2"}],"replies":[{"embeddable":true,"href":"https:\/\/gaudeamus2022.lnkc.lt\/lt\/wp-json\/wp\/v2\/comments?post=325"}],"version-history":[{"count":44,"href":"https:\/\/gaudeamus2022.lnkc.lt\/lt\/wp-json\/wp\/v2\/pages\/325\/revisions"}],"predecessor-version":[{"id":1267,"href":"https:\/\/gaudeamus2022.lnkc.lt\/lt\/wp-json\/wp\/v2\/pages\/325\/revisions\/1267"}],"wp:attachment":[{"href":"https:\/\/gaudeamus2022.lnkc.lt\/lt\/wp-json\/wp\/v2\/media?parent=325"}],"curies":[{"name":"wp","href":"https:\/\/api.w.org\/{rel}","templated":true}]}}